{"id":22,"date":"2024-01-08T15:54:08","date_gmt":"2024-01-08T15:54:08","guid":{"rendered":"https:\/\/tecniclub.com.ec\/?page_id=22"},"modified":"2024-11-13T18:36:54","modified_gmt":"2024-11-13T18:36:54","slug":"ajedrez","status":"publish","type":"page","link":"https:\/\/tecniclub.com.ec\/?page_id=22","title":{"rendered":""},"content":{"rendered":"\t\t<div data-elementor-type=\"wp-page\" data-elementor-id=\"22\" class=\"elementor elementor-22\">\n\t\t\t\t<div class=\"elementor-element elementor-element-52504520 e-con-full e-flex e-con e-parent\" data-id=\"52504520\" data-element_type=\"container\" data-settings=\"{&quot;background_background&quot;:&quot;slideshow&quot;,&quot;background_slideshow_gallery&quot;:[],&quot;background_slideshow_loop&quot;:&quot;yes&quot;,&quot;background_slideshow_slide_duration&quot;:5000,&quot;background_slideshow_slide_transition&quot;:&quot;fade&quot;,&quot;background_slideshow_transition_duration&quot;:500}\">\n\t\t\t\t<div class=\"elementor-element elementor-element-5b8da6a elementor-widget elementor-widget-image\" data-id=\"5b8da6a\" data-element_type=\"widget\" data-widget_type=\"image.default\">\n\t\t\t\t<div class=\"elementor-widget-container\">\n\t\t\t\t\t\t\t\t\t\t\t\t\t\t\t<img fetchpriority=\"high\" decoding=\"async\" width=\"11343\" height=\"1642\" src=\"https:\/\/tecniclub.com.ec\/wp-content\/uploads\/2024\/01\/Banner-Ajedrez.png\" class=\"attachment-full size-full wp-image-381\" alt=\"\" srcset=\"https:\/\/tecniclub.com.ec\/wp-content\/uploads\/2024\/01\/Banner-Ajedrez.png 11343w, https:\/\/tecniclub.com.ec\/wp-content\/uploads\/2024\/01\/Banner-Ajedrez-300x43.png 300w, https:\/\/tecniclub.com.ec\/wp-content\/uploads\/2024\/01\/Banner-Ajedrez-1024x148.png 1024w, https:\/\/tecniclub.com.ec\/wp-content\/uploads\/2024\/01\/Banner-Ajedrez-768x111.png 768w, https:\/\/tecniclub.com.ec\/wp-content\/uploads\/2024\/01\/Banner-Ajedrez-1536x222.png 1536w, https:\/\/tecniclub.com.ec\/wp-content\/uploads\/2024\/01\/Banner-Ajedrez-2048x296.png 2048w\" sizes=\"(max-width: 11343px) 100vw, 11343px\" \/>\t\t\t\t\t\t\t\t\t\t\t\t\t\t\t<\/div>\n\t\t\t\t<\/div>\n\t\t\t\t<\/div>\n\t\t<div class=\"elementor-element elementor-element-5eeae12 e-flex e-con-boxed e-con e-parent\" data-id=\"5eeae12\" data-element_type=\"container\">\n\t\t\t\t\t<div class=\"e-con-inner\">\n\t\t<div class=\"elementor-element elementor-element-b57942b e-con-full e-flex e-con e-child\" data-id=\"b57942b\" data-element_type=\"container\">\n\t\t\t\t<div class=\"elementor-element elementor-element-b22b1a6 elementor-widget elementor-widget-image\" data-id=\"b22b1a6\" data-element_type=\"widget\" data-widget_type=\"image.default\">\n\t\t\t\t<div class=\"elementor-widget-container\">\n\t\t\t\t\t\t\t\t\t\t\t\t\t\t\t<img decoding=\"async\" width=\"768\" height=\"437\" src=\"https:\/\/tecniclub.com.ec\/wp-content\/uploads\/2024\/11\/ajedrez-1-768x437.png\" class=\"attachment-medium_large size-medium_large wp-image-1009\" alt=\"\" srcset=\"https:\/\/tecniclub.com.ec\/wp-content\/uploads\/2024\/11\/ajedrez-1-768x437.png 768w, https:\/\/tecniclub.com.ec\/wp-content\/uploads\/2024\/11\/ajedrez-1-300x171.png 300w, https:\/\/tecniclub.com.ec\/wp-content\/uploads\/2024\/11\/ajedrez-1-1024x583.png 1024w, https:\/\/tecniclub.com.ec\/wp-content\/uploads\/2024\/11\/ajedrez-1.png 1291w\" sizes=\"(max-width: 768px) 100vw, 768px\" \/>\t\t\t\t\t\t\t\t\t\t\t\t\t\t\t<\/div>\n\t\t\t\t<\/div>\n\t\t\t\t<\/div>\n\t\t\t\t<div class=\"elementor-element elementor-element-6594e69 elementor-widget__width-initial elementor-widget-divider--view-line elementor-widget elementor-widget-divider\" data-id=\"6594e69\" data-element_type=\"widget\" data-widget_type=\"divider.default\">\n\t\t\t\t<div class=\"elementor-widget-container\">\n\t\t\t\t\t\t\t<div class=\"elementor-divider\">\n\t\t\t<span class=\"elementor-divider-separator\">\n\t\t\t\t\t\t<\/span>\n\t\t<\/div>\n\t\t\t\t\t\t<\/div>\n\t\t\t\t<\/div>\n\t\t<div class=\"elementor-element elementor-element-dc42dc6 e-con-full e-flex e-con e-child\" data-id=\"dc42dc6\" data-element_type=\"container\">\n\t\t<div class=\"elementor-element elementor-element-970cf5f e-flex e-con-boxed e-con e-child\" data-id=\"970cf5f\" data-element_type=\"container\">\n\t\t\t\t\t<div class=\"e-con-inner\">\n\t\t\t\t<div class=\"elementor-element elementor-element-a8abbfe elementor-widget elementor-widget-heading\" data-id=\"a8abbfe\" data-element_type=\"widget\" data-widget_type=\"heading.default\">\n\t\t\t\t<div class=\"elementor-widget-container\">\n\t\t\t\t\t<h2 class=\"elementor-heading-title elementor-size-default\">Participaci\u00f3n en el Torneo de Ajedrez Infantil Alianza Francesa<\/h2>\t\t\t\t<\/div>\n\t\t\t\t<\/div>\n\t\t\t\t<div class=\"elementor-element elementor-element-b0ad23b elementor-widget-divider--view-line elementor-widget elementor-widget-divider\" data-id=\"b0ad23b\" data-element_type=\"widget\" data-widget_type=\"divider.default\">\n\t\t\t\t<div class=\"elementor-widget-container\">\n\t\t\t\t\t\t\t<div class=\"elementor-divider\">\n\t\t\t<span class=\"elementor-divider-separator\">\n\t\t\t\t\t\t<\/span>\n\t\t<\/div>\n\t\t\t\t\t\t<\/div>\n\t\t\t\t<\/div>\n\t\t\t\t<div class=\"elementor-element elementor-element-a34fd9b elementor-widget elementor-widget-text-editor\" data-id=\"a34fd9b\" data-element_type=\"widget\" data-widget_type=\"text-editor.default\">\n\t\t\t\t<div class=\"elementor-widget-container\">\n\t\t\t\t\t\t\t\t\t<div class=\"flex-shrink-0 flex flex-col relative items-end\"><div><div class=\"pt-0\"><div class=\"gizmo-bot-avatar flex h-8 w-8 items-center justify-center overflow-hidden rounded-full\"><div class=\"relative p-1 rounded-sm flex items-center justify-center bg-token-main-surface-primary text-token-text-primary h-8 w-8\">\u00a0<\/div><\/div><\/div><\/div><\/div><div class=\"group\/conversation-turn relative flex w-full min-w-0 flex-col agent-turn\"><div class=\"flex-col gap-1 md:gap-3\"><div class=\"flex max-w-full flex-col flex-grow\"><div class=\"min-h-8 text-message flex w-full flex-col items-end gap-2 whitespace-normal break-words [.text-message+&amp;]:mt-5\" dir=\"auto\" data-message-author-role=\"assistant\" data-message-id=\"32086af2-e16c-4394-b0b3-07c3319d3ffc\" data-message-model-slug=\"gpt-4o\"><div class=\"flex w-full flex-col gap-1 empty:hidden first:pt-[3px]\"><div class=\"markdown prose w-full break-words dark:prose-invert dark\"><p>El equipo de ajedrez de Tecni Club tuvo una excelente participaci\u00f3n en el <strong>Torneo Infantil de Ajedrez de la Alianza Francesa<\/strong>. En la categor\u00eda U8, <strong>Juli\u00e1n Narea<\/strong> obtuvo el tercer lugar \ud83e\udd49. En la U10, <strong>\u00c1mbar Villavicencio<\/strong> se destac\u00f3 como la <strong>Mejor Dama<\/strong>, mientras que <strong>Santiago Ch\u00e1vez<\/strong> logr\u00f3 el cuarto lugar y <strong>Samuel \u00d1auta<\/strong> el sexto. En la categor\u00eda U12, <strong>Renato Rogel<\/strong> alcanz\u00f3 el cuarto lugar y <strong>Rafael Criollo<\/strong> el s\u00e9ptimo. \u00a1Gran esfuerzo y estrategia por parte de todos nuestros j\u00f3venes ajedrecistas! \u265f\ufe0f \u00a1Vamos Tigres!<\/p><\/div><\/div><\/div><\/div><\/div><\/div>\t\t\t\t\t\t\t\t<\/div>\n\t\t\t\t<\/div>\n\t\t\t\t\t<\/div>\n\t\t\t\t<\/div>\n\t\t<div class=\"elementor-element elementor-element-f5ef437 e-flex e-con-boxed e-con e-child\" data-id=\"f5ef437\" data-element_type=\"container\">\n\t\t\t\t\t<div class=\"e-con-inner\">\n\t\t\t\t\t<\/div>\n\t\t\t\t<\/div>\n\t\t\t\t<\/div>\n\t\t\t\t\t<\/div>\n\t\t\t\t<\/div>\n\t\t<div class=\"elementor-element elementor-element-71f00c2 e-flex e-con-boxed e-con e-parent\" data-id=\"71f00c2\" data-element_type=\"container\">\n\t\t\t\t\t<div class=\"e-con-inner\">\n\t\t\t\t\t<\/div>\n\t\t\t\t<\/div>\n\t\t<div class=\"elementor-element elementor-element-ca3685f e-flex e-con-boxed e-con e-parent\" data-id=\"ca3685f\" data-element_type=\"container\">\n\t\t\t\t\t<div class=\"e-con-inner\">\n\t\t\t\t<div class=\"elementor-element elementor-element-c8aa4a1 elementor-widget-divider--view-line elementor-widget elementor-widget-divider\" data-id=\"c8aa4a1\" data-element_type=\"widget\" data-widget_type=\"divider.default\">\n\t\t\t\t<div class=\"elementor-widget-container\">\n\t\t\t\t\t\t\t<div class=\"elementor-divider\">\n\t\t\t<span class=\"elementor-divider-separator\">\n\t\t\t\t\t\t<\/span>\n\t\t<\/div>\n\t\t\t\t\t\t<\/div>\n\t\t\t\t<\/div>\n\t\t\t\t\t<\/div>\n\t\t\t\t<\/div>\n\t\t\t\t<\/div>\n\t\t","protected":false},"excerpt":{"rendered":"<p>Participaci\u00f3n en el Torneo de Ajedrez Infantil Alianza Francesa \u00a0 El equipo de ajedrez de Tecni Club tuvo una excelente participaci\u00f3n en el Torneo Infantil de Ajedrez de la Alianza Francesa. En la categor\u00eda U8, Juli\u00e1n Narea obtuvo el tercer lugar \ud83e\udd49. En la U10, \u00c1mbar Villavicencio se destac\u00f3 como la Mejor Dama, mientras que [&hellip;]<\/p>\n","protected":false},"author":1,"featured_media":0,"parent":0,"menu_order":0,"comment_status":"closed","ping_status":"closed","template":"","meta":{"om_disable_all_campaigns":false,"_monsterinsights_skip_tracking":false,"_monsterinsights_sitenote_active":false,"_monsterinsights_sitenote_note":"","_monsterinsights_sitenote_category":0,"footnotes":""},"aioseo_notices":[],"_links":{"self":[{"href":"https:\/\/tecniclub.com.ec\/index.php?rest_route=\/wp\/v2\/pages\/22"}],"collection":[{"href":"https:\/\/tecniclub.com.ec\/index.php?rest_route=\/wp\/v2\/pages"}],"about":[{"href":"https:\/\/tecniclub.com.ec\/index.php?rest_route=\/wp\/v2\/types\/page"}],"author":[{"embeddable":true,"href":"https:\/\/tecniclub.com.ec\/index.php?rest_route=\/wp\/v2\/users\/1"}],"replies":[{"embeddable":true,"href":"https:\/\/tecniclub.com.ec\/index.php?rest_route=%2Fwp%2Fv2%2Fcomments&post=22"}],"version-history":[{"count":31,"href":"https:\/\/tecniclub.com.ec\/index.php?rest_route=\/wp\/v2\/pages\/22\/revisions"}],"predecessor-version":[{"id":1019,"href":"https:\/\/tecniclub.com.ec\/index.php?rest_route=\/wp\/v2\/pages\/22\/revisions\/1019"}],"wp:attachment":[{"href":"https:\/\/tecniclub.com.ec\/index.php?rest_route=%2Fwp%2Fv2%2Fmedia&parent=22"}],"curies":[{"name":"wp","href":"https:\/\/api.w.org\/{rel}","templated":true}]}}